{"id":12214,"date":"2025-07-30T15:11:52","date_gmt":"2025-07-30T15:11:52","guid":{"rendered":"https:\/\/www.catraia.pt\/?page_id=12214"},"modified":"2025-08-20T14:03:47","modified_gmt":"2025-08-20T14:03:47","slug":"sobre-nos","status":"publish","type":"page","link":"https:\/\/www.catraia.pt\/en\/sobre-nos\/","title":{"rendered":"Sobre n\u00f3s"},"content":{"rendered":"<div data-elementor-type=\"wp-page\" data-elementor-id=\"12214\" class=\"elementor elementor-12214\" data-elementor-post-type=\"page\">\n\t\t\t\t<div class=\"elementor-element elementor-element-b5158fb e-con-full e-flex e-con e-parent\" data-id=\"b5158fb\" data-element_type=\"container\" data-settings=\"{&quot;background_background&quot;:&quot;classic&quot;}\">\n\t\t<div class=\"elementor-element elementor-element-e6dd74a e-con-full e-flex e-con e-child\" data-id=\"e6dd74a\" data-element_type=\"container\" data-settings=\"{&quot;background_background&quot;:&quot;classic&quot;}\">\n\t\t\t\t<div class=\"elementor-element elementor-element-31a47f5 elementor-widget elementor-widget-heading\" data-id=\"31a47f5\" data-element_type=\"widget\" data-widget_type=\"heading.default\">\n\t\t\t\t<div class=\"elementor-widget-container\">\n\t\t\t\t\t<h2 class=\"elementor-heading-title elementor-size-default\">Miss\u00e3o <br> e Valores<\/h2>\t\t\t\t<\/div>\n\t\t\t\t<\/div>\n\t\t\t\t<div class=\"elementor-element elementor-element-3356ff2 elementor-widget elementor-widget-text-editor\" data-id=\"3356ff2\" data-element_type=\"widget\" data-widget_type=\"text-editor.default\">\n\t\t\t\t<div class=\"elementor-widget-container\">\n\t\t\t\t\t\t\t\t\t<p>Bringing together science, art and sustainability in a festival by the sea. Based on local traditions, but with a vision for the future.<\/p>\t\t\t\t\t\t\t\t<\/div>\n\t\t\t\t<\/div>\n\t\t\t\t<\/div>\n\t\t<div class=\"elementor-element elementor-element-2b5fbb2 e-con-full e-flex e-con e-child\" data-id=\"2b5fbb2\" data-element_type=\"container\" data-settings=\"{&quot;background_background&quot;:&quot;classic&quot;}\">\n\t\t\t\t<div class=\"elementor-element elementor-element-dcde216 elementor-widget elementor-widget-heading\" data-id=\"dcde216\" data-element_type=\"widget\" data-widget_type=\"heading.default\">\n\t\t\t\t<div class=\"elementor-widget-container\">\n\t\t\t\t\t<p class=\"elementor-heading-title elementor-size-default\">CATRAIA<\/p>\t\t\t\t<\/div>\n\t\t\t\t<\/div>\n\t\t\t\t<div class=\"elementor-element elementor-element-1ff580e elementor-hidden-widescreen elementor-hidden-desktop elementor-hidden-tablet_extra elementor-hidden-tablet elementor-hidden-mobile elementor-widget elementor-widget-heading\" data-id=\"1ff580e\" data-element_type=\"widget\" data-widget_type=\"heading.default\">\n\t\t\t\t<div class=\"elementor-widget-container\">\n\t\t\t\t\t<h2 class=\"elementor-heading-title elementor-size-default\">O Significado de Catraia<\/h2>\t\t\t\t<\/div>\n\t\t\t\t<\/div>\n\t\t\t\t<div class=\"elementor-element elementor-element-093e633 elementor-widget elementor-widget-text-editor\" data-id=\"093e633\" data-element_type=\"widget\" data-widget_type=\"text-editor.default\">\n\t\t\t\t<div class=\"elementor-widget-container\">\n\t\t\t\t\t\t\t\t\t<p>ca.trai.a \u25cc k\u0250\u02c8traj\u0250<\/p>\t\t\t\t\t\t\t\t<\/div>\n\t\t\t\t<\/div>\n\t\t\t\t<div class=\"elementor-element elementor-element-ac7e351 elementor-widget elementor-widget-text-editor\" data-id=\"ac7e351\" data-element_type=\"widget\" data-widget_type=\"text-editor.default\">\n\t\t\t\t<div class=\"elementor-widget-container\">\n\t\t\t\t\t\t\t\t\t<p>Usa-se na express\u00e3o <strong>andar \u00e0 catraia<\/strong>, que significa percorrer a praia junto \u00e0 beira-mar \u00e0 procura dos despojos que as ondas v\u00e3o deixando na areia.<\/p>\t\t\t\t\t\t\t\t<\/div>\n\t\t\t\t<\/div>\n\t\t\t\t<div class=\"elementor-element elementor-element-0315fd3 elementor-widget elementor-widget-text-editor\" data-id=\"0315fd3\" data-element_type=\"widget\" data-widget_type=\"text-editor.default\">\n\t\t\t\t<div class=\"elementor-widget-container\">\n\t\t\t\t\t\t\t\t\t<p>in Gloss\u00e1rio de Termos Gandareses de Idal\u00e9cio Ca\u00e7\u00e3o<\/p>\t\t\t\t\t\t\t\t<\/div>\n\t\t\t\t<\/div>\n\t\t\t\t<\/div>\n\t\t\t\t<\/div>\n\t\t<div class=\"elementor-element elementor-element-c708b21 e-con-full e-flex e-con e-parent\" data-id=\"c708b21\" data-element_type=\"container\" data-settings=\"{&quot;background_background&quot;:&quot;classic&quot;}\">\n\t\t\t\t<div class=\"elementor-element elementor-element-bed97d6 elementor-widget elementor-widget-heading\" data-id=\"bed97d6\" data-element_type=\"widget\" data-widget_type=\"heading.default\">\n\t\t\t\t<div class=\"elementor-widget-container\">\n\t\t\t\t\t<h2 class=\"elementor-heading-title elementor-size-default\">A nova mar\u00e9 de arte sustent\u00e1vel<\/h2>\t\t\t\t<\/div>\n\t\t\t\t<\/div>\n\t\t<div class=\"elementor-element elementor-element-78fbc7f e-con-full e-flex e-con e-child\" data-id=\"78fbc7f\" data-element_type=\"container\">\n\t\t\t\t<div class=\"elementor-element elementor-element-df31906 elementor-widget__width-initial elementor-widget elementor-widget-heading\" data-id=\"df31906\" data-element_type=\"widget\" data-widget_type=\"heading.default\">\n\t\t\t\t<div class=\"elementor-widget-container\">\n\t\t\t\t\t<p class=\"elementor-heading-title elementor-size-default\">m\u00fasica \u2022 exposi\u00e7\u00f5es \u2022 feiras<\/p>\t\t\t\t<\/div>\n\t\t\t\t<\/div>\n\t\t\t\t<div class=\"elementor-element elementor-element-d710254 elementor-widget__width-initial elementor-widget elementor-widget-heading\" data-id=\"d710254\" data-element_type=\"widget\" data-widget_type=\"heading.default\">\n\t\t\t\t<div class=\"elementor-widget-container\">\n\t\t\t\t\t<p class=\"elementor-heading-title elementor-size-default\">arte urbana \u2022 instala\u00e7\u00f5es<\/p>\t\t\t\t<\/div>\n\t\t\t\t<\/div>\n\t\t\t\t<div class=\"elementor-element elementor-element-91837e9 elementor-widget__width-initial elementor-widget elementor-widget-heading\" data-id=\"91837e9\" data-element_type=\"widget\" data-widget_type=\"heading.default\">\n\t\t\t\t<div class=\"elementor-widget-container\">\n\t\t\t\t\t<p class=\"elementor-heading-title elementor-size-default\">conversas \u2022 oficinas \u2022 desporto<\/p>\t\t\t\t<\/div>\n\t\t\t\t<\/div>\n\t\t\t\t<\/div>\n\t\t\t\t<\/div>\n\t\t<div class=\"elementor-element elementor-element-1a44154 e-con-full e-flex e-con e-parent\" data-id=\"1a44154\" data-element_type=\"container\">\n\t\t\t\t<div class=\"elementor-element elementor-element-52f6a0d jedv-enabled--yes elementor-hidden-tablet_extra elementor-hidden-tablet elementor-hidden-mobile elementor-widget elementor-widget-image\" data-id=\"52f6a0d\" data-element_type=\"widget\" data-widget_type=\"image.default\">\n\t\t\t\t<div class=\"elementor-widget-container\">\n\t\t\t\t\t\t\t\t\t\t\t\t\t\t\t<img fetchpriority=\"high\" decoding=\"async\" width=\"2560\" height=\"933\" src=\"https:\/\/www.catraia.pt\/wp-content\/uploads\/2025\/08\/logos-comprido-scaled.png\" class=\"attachment-full size-full wp-image-13410\" alt=\"\" srcset=\"https:\/\/www.catraia.pt\/wp-content\/uploads\/2025\/08\/logos-comprido-scaled.png 2560w, https:\/\/www.catraia.pt\/wp-content\/uploads\/2025\/08\/logos-comprido-300x109.png 300w, https:\/\/www.catraia.pt\/wp-content\/uploads\/2025\/08\/logos-comprido-1024x373.png 1024w, https:\/\/www.catraia.pt\/wp-content\/uploads\/2025\/08\/logos-comprido-768x280.png 768w, https:\/\/www.catraia.pt\/wp-content\/uploads\/2025\/08\/logos-comprido-1536x560.png 1536w, https:\/\/www.catraia.pt\/wp-content\/uploads\/2025\/08\/logos-comprido-2048x746.png 2048w, https:\/\/www.catraia.pt\/wp-content\/uploads\/2025\/08\/logos-comprido-18x7.png 18w\" sizes=\"(max-width: 2560px) 100vw, 2560px\" \/>\t\t\t\t\t\t\t\t\t\t\t\t\t\t\t<\/div>\n\t\t\t\t<\/div>\n\t\t\t\t<div class=\"elementor-element elementor-element-987460c elementor-hidden-widescreen elementor-hidden-desktop elementor-widget elementor-widget-image\" data-id=\"987460c\" data-element_type=\"widget\" data-widget_type=\"image.default\">\n\t\t\t\t<div class=\"elementor-widget-container\">\n\t\t\t\t\t\t\t\t\t\t\t\t\t\t\t<img decoding=\"async\" width=\"4500\" height=\"18292\" src=\"https:\/\/www.catraia.pt\/wp-content\/uploads\/2025\/08\/logos-tele.png\" class=\"attachment-full size-full wp-image-13411\" alt=\"\" \/>\t\t\t\t\t\t\t\t\t\t\t\t\t\t\t<\/div>\n\t\t\t\t<\/div>\n\t\t\t\t<\/div>\n\t\t\t\t<\/div>","protected":false},"excerpt":{"rendered":"<p>Miss\u00e3o e Valores Juntar ci\u00eancia, arte e sustentabilidade num festival \u00e0 beira mar. Assente nas tradi\u00e7\u00f5es locais, mas com uma vis\u00e3o para o futuro. CATRAIA O Significado de Catraia ca.trai.a \u25cc k\u0250\u02c8traj\u0250 Usa-se na express\u00e3o andar \u00e0 catraia, que significa percorrer a praia junto \u00e0 beira-mar \u00e0 procura dos despojos que as ondas v\u00e3o deixando [&hellip;]<\/p>","protected":false},"author":6,"featured_media":0,"parent":0,"menu_order":0,"comment_status":"closed","ping_status":"closed","template":"elementor_header_footer","meta":{"inline_featured_image":false,"footnotes":""},"class_list":["post-12214","page","type-page","status-publish","hentry"],"yoast_head":"<!-- This site is optimized with the Yoast SEO Premium plugin v24.7 (Yoast SEO v24.7) - https:\/\/yoast.com\/wordpress\/plugins\/seo\/ -->\n<title>Sobre a CATRAIA<\/title>\n<meta name=\"robots\" content=\"index, follow, max-snippet:-1, max-image-preview:large, max-video-preview:-1\" \/>\n<link rel=\"canonical\" href=\"https:\/\/www.catraia.pt\/en\/sobre-nos\/\" \/>\n<meta property=\"og:locale\" content=\"en_US\" \/>\n<meta property=\"og:type\" content=\"article\" \/>\n<meta property=\"og:title\" content=\"Sobre n\u00f3s\" \/>\n<meta property=\"og:description\" content=\"Miss\u00e3o e Valores Juntar ci\u00eancia, arte e sustentabilidade num festival \u00e0 beira mar. Assente nas tradi\u00e7\u00f5es locais, mas com uma vis\u00e3o para o futuro. CATRAIA O Significado de Catraia ca.trai.a \u25cc k\u0250\u02c8traj\u0250 Usa-se na express\u00e3o andar \u00e0 catraia, que significa percorrer a praia junto \u00e0 beira-mar \u00e0 procura dos despojos que as ondas v\u00e3o deixando [&hellip;]\" \/>\n<meta property=\"og:url\" content=\"https:\/\/www.catraia.pt\/en\/sobre-nos\/\" \/>\n<meta property=\"og:site_name\" content=\"CATRAIA\" \/>\n<meta property=\"article:modified_time\" content=\"2025-08-20T14:03:47+00:00\" \/>\n<meta property=\"og:image\" content=\"https:\/\/www.catraia.pt\/wp-content\/uploads\/2025\/08\/logos-comprido-scaled.png\" \/>\n\t<meta property=\"og:image:width\" content=\"2560\" \/>\n\t<meta property=\"og:image:height\" content=\"933\" \/>\n\t<meta property=\"og:image:type\" content=\"image\/png\" \/>\n<meta name=\"twitter:card\" content=\"summary_large_image\" \/>\n<meta name=\"twitter:label1\" content=\"Est. reading time\" \/>\n\t<meta name=\"twitter:data1\" content=\"1 minute\" \/>\n<script type=\"application\/ld+json\" class=\"yoast-schema-graph\">{\"@context\":\"https:\/\/schema.org\",\"@graph\":[{\"@type\":\"WebPage\",\"@id\":\"https:\/\/www.catraia.pt\/sobre-nos\/\",\"url\":\"https:\/\/www.catraia.pt\/sobre-nos\/\",\"name\":\"Sobre a CATRAIA\",\"isPartOf\":{\"@id\":\"https:\/\/www.catraia.pt\/#website\"},\"primaryImageOfPage\":{\"@id\":\"https:\/\/www.catraia.pt\/sobre-nos\/#primaryimage\"},\"image\":{\"@id\":\"https:\/\/www.catraia.pt\/sobre-nos\/#primaryimage\"},\"thumbnailUrl\":\"https:\/\/www.catraia.pt\/wp-content\/uploads\/2025\/08\/logos-comprido-scaled.png\",\"datePublished\":\"2025-07-30T15:11:52+00:00\",\"dateModified\":\"2025-08-20T14:03:47+00:00\",\"breadcrumb\":{\"@id\":\"https:\/\/www.catraia.pt\/sobre-nos\/#breadcrumb\"},\"inLanguage\":\"en-US\",\"potentialAction\":[{\"@type\":\"ReadAction\",\"target\":[\"https:\/\/www.catraia.pt\/sobre-nos\/\"]}]},{\"@type\":\"ImageObject\",\"inLanguage\":\"en-US\",\"@id\":\"https:\/\/www.catraia.pt\/sobre-nos\/#primaryimage\",\"url\":\"https:\/\/www.catraia.pt\/wp-content\/uploads\/2025\/08\/logos-comprido-scaled.png\",\"contentUrl\":\"https:\/\/www.catraia.pt\/wp-content\/uploads\/2025\/08\/logos-comprido-scaled.png\"},{\"@type\":\"BreadcrumbList\",\"@id\":\"https:\/\/www.catraia.pt\/sobre-nos\/#breadcrumb\",\"itemListElement\":[{\"@type\":\"ListItem\",\"position\":1,\"name\":\"In\u00edcio\",\"item\":\"https:\/\/www.catraia.pt\/\"},{\"@type\":\"ListItem\",\"position\":2,\"name\":\"Sobre n\u00f3s\"}]},{\"@type\":\"WebSite\",\"@id\":\"https:\/\/www.catraia.pt\/#website\",\"url\":\"https:\/\/www.catraia.pt\/\",\"name\":\"CATRAIA\",\"description\":\"A MAR\u00c9 DE ARTE SUSTENT\u00c1VEL\",\"publisher\":{\"@id\":\"https:\/\/www.catraia.pt\/#organization\"},\"potentialAction\":[{\"@type\":\"SearchAction\",\"target\":{\"@type\":\"EntryPoint\",\"urlTemplate\":\"https:\/\/www.catraia.pt\/?s={search_term_string}\"},\"query-input\":{\"@type\":\"PropertyValueSpecification\",\"valueRequired\":true,\"valueName\":\"search_term_string\"}}],\"inLanguage\":\"en-US\"},{\"@type\":\"Organization\",\"@id\":\"https:\/\/www.catraia.pt\/#organization\",\"name\":\"CATRAIA\",\"url\":\"https:\/\/www.catraia.pt\/\",\"logo\":{\"@type\":\"ImageObject\",\"inLanguage\":\"en-US\",\"@id\":\"https:\/\/www.catraia.pt\/#\/schema\/logo\/image\/\",\"url\":\"https:\/\/www.catraia.pt\/wp-content\/uploads\/2023\/03\/Group.svg\",\"contentUrl\":\"https:\/\/www.catraia.pt\/wp-content\/uploads\/2023\/03\/Group.svg\",\"width\":205,\"height\":46,\"caption\":\"CATRAIA\"},\"image\":{\"@id\":\"https:\/\/www.catraia.pt\/#\/schema\/logo\/image\/\"}}]}<\/script>\n<!-- \/ Yoast SEO Premium plugin. -->","yoast_head_json":{"title":"Sobre a CATRAIA","robots":{"index":"index","follow":"follow","max-snippet":"max-snippet:-1","max-image-preview":"max-image-preview:large","max-video-preview":"max-video-preview:-1"},"canonical":"https:\/\/www.catraia.pt\/en\/sobre-nos\/","og_locale":"en_US","og_type":"article","og_title":"Sobre n\u00f3s","og_description":"Miss\u00e3o e Valores Juntar ci\u00eancia, arte e sustentabilidade num festival \u00e0 beira mar. Assente nas tradi\u00e7\u00f5es locais, mas com uma vis\u00e3o para o futuro. CATRAIA O Significado de Catraia ca.trai.a \u25cc k\u0250\u02c8traj\u0250 Usa-se na express\u00e3o andar \u00e0 catraia, que significa percorrer a praia junto \u00e0 beira-mar \u00e0 procura dos despojos que as ondas v\u00e3o deixando [&hellip;]","og_url":"https:\/\/www.catraia.pt\/en\/sobre-nos\/","og_site_name":"CATRAIA","article_modified_time":"2025-08-20T14:03:47+00:00","og_image":[{"width":2560,"height":933,"url":"https:\/\/www.catraia.pt\/wp-content\/uploads\/2025\/08\/logos-comprido-scaled.png","type":"image\/png"}],"twitter_card":"summary_large_image","twitter_misc":{"Est. reading time":"1 minute"},"schema":{"@context":"https:\/\/schema.org","@graph":[{"@type":"WebPage","@id":"https:\/\/www.catraia.pt\/sobre-nos\/","url":"https:\/\/www.catraia.pt\/sobre-nos\/","name":"Sobre a CATRAIA","isPartOf":{"@id":"https:\/\/www.catraia.pt\/#website"},"primaryImageOfPage":{"@id":"https:\/\/www.catraia.pt\/sobre-nos\/#primaryimage"},"image":{"@id":"https:\/\/www.catraia.pt\/sobre-nos\/#primaryimage"},"thumbnailUrl":"https:\/\/www.catraia.pt\/wp-content\/uploads\/2025\/08\/logos-comprido-scaled.png","datePublished":"2025-07-30T15:11:52+00:00","dateModified":"2025-08-20T14:03:47+00:00","breadcrumb":{"@id":"https:\/\/www.catraia.pt\/sobre-nos\/#breadcrumb"},"inLanguage":"en-US","potentialAction":[{"@type":"ReadAction","target":["https:\/\/www.catraia.pt\/sobre-nos\/"]}]},{"@type":"ImageObject","inLanguage":"en-US","@id":"https:\/\/www.catraia.pt\/sobre-nos\/#primaryimage","url":"https:\/\/www.catraia.pt\/wp-content\/uploads\/2025\/08\/logos-comprido-scaled.png","contentUrl":"https:\/\/www.catraia.pt\/wp-content\/uploads\/2025\/08\/logos-comprido-scaled.png"},{"@type":"BreadcrumbList","@id":"https:\/\/www.catraia.pt\/sobre-nos\/#breadcrumb","itemListElement":[{"@type":"ListItem","position":1,"name":"In\u00edcio","item":"https:\/\/www.catraia.pt\/"},{"@type":"ListItem","position":2,"name":"Sobre n\u00f3s"}]},{"@type":"WebSite","@id":"https:\/\/www.catraia.pt\/#website","url":"https:\/\/www.catraia.pt\/","name":"CATRAIA","description":"A MAR\u00c9 DE ARTE SUSTENT\u00c1VEL","publisher":{"@id":"https:\/\/www.catraia.pt\/#organization"},"potentialAction":[{"@type":"SearchAction","target":{"@type":"EntryPoint","urlTemplate":"https:\/\/www.catraia.pt\/?s={search_term_string}"},"query-input":{"@type":"PropertyValueSpecification","valueRequired":true,"valueName":"search_term_string"}}],"inLanguage":"en-US"},{"@type":"Organization","@id":"https:\/\/www.catraia.pt\/#organization","name":"CATRAIA","url":"https:\/\/www.catraia.pt\/","logo":{"@type":"ImageObject","inLanguage":"en-US","@id":"https:\/\/www.catraia.pt\/#\/schema\/logo\/image\/","url":"https:\/\/www.catraia.pt\/wp-content\/uploads\/2023\/03\/Group.svg","contentUrl":"https:\/\/www.catraia.pt\/wp-content\/uploads\/2023\/03\/Group.svg","width":205,"height":46,"caption":"CATRAIA"},"image":{"@id":"https:\/\/www.catraia.pt\/#\/schema\/logo\/image\/"}}]}},"_links":{"self":[{"href":"https:\/\/www.catraia.pt\/en\/wp-json\/wp\/v2\/pages\/12214","targetHints":{"allow":["GET"]}}],"collection":[{"href":"https:\/\/www.catraia.pt\/en\/wp-json\/wp\/v2\/pages"}],"about":[{"href":"https:\/\/www.catraia.pt\/en\/wp-json\/wp\/v2\/types\/page"}],"author":[{"embeddable":true,"href":"https:\/\/www.catraia.pt\/en\/wp-json\/wp\/v2\/users\/6"}],"replies":[{"embeddable":true,"href":"https:\/\/www.catraia.pt\/en\/wp-json\/wp\/v2\/comments?post=12214"}],"version-history":[{"count":56,"href":"https:\/\/www.catraia.pt\/en\/wp-json\/wp\/v2\/pages\/12214\/revisions"}],"predecessor-version":[{"id":13420,"href":"https:\/\/www.catraia.pt\/en\/wp-json\/wp\/v2\/pages\/12214\/revisions\/13420"}],"wp:attachment":[{"href":"https:\/\/www.catraia.pt\/en\/wp-json\/wp\/v2\/media?parent=12214"}],"curies":[{"name":"wp","href":"https:\/\/api.w.org\/{rel}","templated":true}]}}