{"id":12262,"date":"2025-07-30T15:13:25","date_gmt":"2025-07-30T15:13:25","guid":{"rendered":"https:\/\/www.catraia.pt\/?page_id=12262"},"modified":"2025-08-20T14:03:36","modified_gmt":"2025-08-20T14:03:36","slug":"homepage","status":"publish","type":"page","link":"https:\/\/www.catraia.pt\/en\/","title":{"rendered":"Homepage25"},"content":{"rendered":"<div data-elementor-type=\"wp-page\" data-elementor-id=\"12262\" class=\"elementor elementor-12262\" data-elementor-post-type=\"page\">\n\t\t\t\t<div class=\"elementor-element elementor-element-516c922 e-con-full e-flex e-con e-parent\" data-id=\"516c922\" data-element_type=\"container\" data-settings=\"{&quot;background_background&quot;:&quot;classic&quot;}\">\n\t\t\t\t<div class=\"elementor-element elementor-element-7fcf45e elementor-widget elementor-widget-heading\" data-id=\"7fcf45e\" data-element_type=\"widget\" data-settings=\"{&quot;motion_fx_motion_fx_scrolling&quot;:&quot;yes&quot;,&quot;motion_fx_translateY_effect&quot;:&quot;yes&quot;,&quot;motion_fx_translateY_speed&quot;:{&quot;unit&quot;:&quot;px&quot;,&quot;size&quot;:5.9,&quot;sizes&quot;:[]},&quot;motion_fx_translateY_affectedRange&quot;:{&quot;unit&quot;:&quot;%&quot;,&quot;size&quot;:&quot;&quot;,&quot;sizes&quot;:{&quot;start&quot;:0,&quot;end&quot;:69}},&quot;motion_fx_blur_effect&quot;:&quot;yes&quot;,&quot;motion_fx_blur_direction&quot;:&quot;in-out&quot;,&quot;motion_fx_blur_level&quot;:{&quot;unit&quot;:&quot;px&quot;,&quot;size&quot;:5,&quot;sizes&quot;:[]},&quot;motion_fx_blur_range&quot;:{&quot;unit&quot;:&quot;%&quot;,&quot;size&quot;:&quot;&quot;,&quot;sizes&quot;:{&quot;start&quot;:50,&quot;end&quot;:100}},&quot;motion_fx_devices&quot;:[&quot;widescreen&quot;,&quot;desktop&quot;,&quot;tablet_extra&quot;,&quot;tablet&quot;,&quot;mobile&quot;]}\" data-widget_type=\"heading.default\">\n\t\t\t\t<div class=\"elementor-widget-container\">\n\t\t\t\t\t<h2 class=\"elementor-heading-title elementor-size-default\">inspira, cuida, partilha<\/h2>\t\t\t\t<\/div>\n\t\t\t\t<\/div>\n\t\t\t\t<\/div>\n\t\t<div class=\"elementor-element elementor-element-ce69026 e-con-full e-transform e-flex e-con e-parent\" data-id=\"ce69026\" data-element_type=\"container\" data-settings=\"{&quot;background_background&quot;:&quot;classic&quot;,&quot;_transform_translateY_effect&quot;:{&quot;unit&quot;:&quot;px&quot;,&quot;size&quot;:-190,&quot;sizes&quot;:[]},&quot;_transform_translateX_effect&quot;:{&quot;unit&quot;:&quot;px&quot;,&quot;size&quot;:&quot;&quot;,&quot;sizes&quot;:[]},&quot;_transform_translateX_effect_widescreen&quot;:{&quot;unit&quot;:&quot;px&quot;,&quot;size&quot;:&quot;&quot;,&quot;sizes&quot;:[]},&quot;_transform_translateX_effect_tablet_extra&quot;:{&quot;unit&quot;:&quot;px&quot;,&quot;size&quot;:&quot;&quot;,&quot;sizes&quot;:[]},&quot;_transform_translateX_effect_tablet&quot;:{&quot;unit&quot;:&quot;px&quot;,&quot;size&quot;:&quot;&quot;,&quot;sizes&quot;:[]},&quot;_transform_translateX_effect_mobile&quot;:{&quot;unit&quot;:&quot;px&quot;,&quot;size&quot;:&quot;&quot;,&quot;sizes&quot;:[]},&quot;_transform_translateY_effect_widescreen&quot;:{&quot;unit&quot;:&quot;px&quot;,&quot;size&quot;:&quot;&quot;,&quot;sizes&quot;:[]},&quot;_transform_translateY_effect_tablet_extra&quot;:{&quot;unit&quot;:&quot;px&quot;,&quot;size&quot;:&quot;&quot;,&quot;sizes&quot;:[]},&quot;_transform_translateY_effect_tablet&quot;:{&quot;unit&quot;:&quot;px&quot;,&quot;size&quot;:&quot;&quot;,&quot;sizes&quot;:[]},&quot;_transform_translateY_effect_mobile&quot;:{&quot;unit&quot;:&quot;px&quot;,&quot;size&quot;:&quot;&quot;,&quot;sizes&quot;:[]}}\">\n\t\t<div class=\"elementor-element elementor-element-5e74e3e e-flex e-con-boxed e-con e-child\" data-id=\"5e74e3e\" data-element_type=\"container\">\n\t\t\t\t\t<div class=\"e-con-inner\">\n\t\t\t\t<div class=\"elementor-element elementor-element-a138ea3 elementor-widget elementor-widget-text-editor\" data-id=\"a138ea3\" data-element_type=\"widget\" data-widget_type=\"text-editor.default\">\n\t\t\t\t<div class=\"elementor-widget-container\">\n\t\t\t\t\t\t\t\t\t<p>Praia da Tocha<\/p>\t\t\t\t\t\t\t\t<\/div>\n\t\t\t\t<\/div>\n\t\t\t\t<div class=\"elementor-element elementor-element-b43ba52 elementor-widget elementor-widget-text-editor\" data-id=\"b43ba52\" data-element_type=\"widget\" data-widget_type=\"text-editor.default\">\n\t\t\t\t<div class=\"elementor-widget-container\">\n\t\t\t\t\t\t\t\t\t<p>21 a 24 de Agosto 2025<\/p>\t\t\t\t\t\t\t\t<\/div>\n\t\t\t\t<\/div>\n\t\t\t\t<div class=\"elementor-element elementor-element-e6b499e elementor-widget elementor-widget-text-editor\" data-id=\"e6b499e\" data-element_type=\"widget\" data-widget_type=\"text-editor.default\">\n\t\t\t\t<div class=\"elementor-widget-container\">\n\t\t\t\t\t\t\t\t\t<p>Entrada livre<\/p>\t\t\t\t\t\t\t\t<\/div>\n\t\t\t\t<\/div>\n\t\t\t\t\t<\/div>\n\t\t\t\t<\/div>\n\t\t<div class=\"elementor-element elementor-element-53e979a e-flex e-con-boxed e-con e-child\" data-id=\"53e979a\" data-element_type=\"container\">\n\t\t\t\t\t<div class=\"e-con-inner\">\n\t\t\t\t<div class=\"elementor-element elementor-element-4d9ccb2 elementor-widget elementor-widget-image\" data-id=\"4d9ccb2\" data-element_type=\"widget\" data-widget_type=\"image.default\">\n\t\t\t\t<div class=\"elementor-widget-container\">\n\t\t\t\t\t\t\t\t\t\t\t\t\t\t\t<img fetchpriority=\"high\" decoding=\"async\" width=\"800\" height=\"433\" src=\"https:\/\/www.catraia.pt\/wp-content\/uploads\/2025\/07\/headings.svg\" class=\"attachment-large size-large wp-image-12276\" alt=\"\" \/>\t\t\t\t\t\t\t\t\t\t\t\t\t\t\t<\/div>\n\t\t\t\t<\/div>\n\t\t\t\t\t<\/div>\n\t\t\t\t<\/div>\n\t\t\t\t<\/div>\n\t\t<div class=\"elementor-element elementor-element-92c14e7 e-con-full e-flex e-con e-parent\" data-id=\"92c14e7\" data-element_type=\"container\">\n\t\t\t\t<div class=\"elementor-element elementor-element-a79d3f5 jedv-enabled--yes elementor-hidden-tablet_extra elementor-hidden-tablet elementor-hidden-mobile elementor-widget elementor-widget-image\" data-id=\"a79d3f5\" data-element_type=\"widget\" data-widget_type=\"image.default\">\n\t\t\t\t<div class=\"elementor-widget-container\">\n\t\t\t\t\t\t\t\t\t\t\t\t\t\t\t<img decoding=\"async\" width=\"2560\" height=\"933\" src=\"https:\/\/www.catraia.pt\/wp-content\/uploads\/2025\/08\/logos-comprido-scaled.png\" class=\"attachment-full size-full wp-image-13410\" alt=\"\" srcset=\"https:\/\/www.catraia.pt\/wp-content\/uploads\/2025\/08\/logos-comprido-scaled.png 2560w, https:\/\/www.catraia.pt\/wp-content\/uploads\/2025\/08\/logos-comprido-300x109.png 300w, https:\/\/www.catraia.pt\/wp-content\/uploads\/2025\/08\/logos-comprido-1024x373.png 1024w, https:\/\/www.catraia.pt\/wp-content\/uploads\/2025\/08\/logos-comprido-768x280.png 768w, https:\/\/www.catraia.pt\/wp-content\/uploads\/2025\/08\/logos-comprido-1536x560.png 1536w, https:\/\/www.catraia.pt\/wp-content\/uploads\/2025\/08\/logos-comprido-2048x746.png 2048w, https:\/\/www.catraia.pt\/wp-content\/uploads\/2025\/08\/logos-comprido-18x7.png 18w\" sizes=\"(max-width: 2560px) 100vw, 2560px\" \/>\t\t\t\t\t\t\t\t\t\t\t\t\t\t\t<\/div>\n\t\t\t\t<\/div>\n\t\t\t\t<div class=\"elementor-element elementor-element-d967f1d elementor-hidden-widescreen elementor-hidden-desktop elementor-widget elementor-widget-image\" data-id=\"d967f1d\" data-element_type=\"widget\" data-widget_type=\"image.default\">\n\t\t\t\t<div class=\"elementor-widget-container\">\n\t\t\t\t\t\t\t\t\t\t\t\t\t\t\t<img decoding=\"async\" width=\"4500\" height=\"18292\" src=\"https:\/\/www.catraia.pt\/wp-content\/uploads\/2025\/08\/logos-tele.png\" class=\"attachment-full size-full wp-image-13411\" alt=\"\" \/>\t\t\t\t\t\t\t\t\t\t\t\t\t\t\t<\/div>\n\t\t\t\t<\/div>\n\t\t\t\t<\/div>\n\t\t\t\t<\/div>","protected":false},"excerpt":{"rendered":"<p>inspira, cuida, partilha Praia da Tocha 21 a 24 de Agosto 2025 Entrada livre<\/p>","protected":false},"author":6,"featured_media":0,"parent":0,"menu_order":0,"comment_status":"closed","ping_status":"closed","template":"elementor_header_footer","meta":{"inline_featured_image":false,"footnotes":""},"class_list":["post-12262","page","type-page","status-publish","hentry"],"yoast_head":"<!-- This site is optimized with the Yoast SEO Premium plugin v24.7 (Yoast SEO v24.7) - https:\/\/yoast.com\/wordpress\/plugins\/seo\/ -->\n<title>CATRAIA<\/title>\n<meta name=\"description\" content=\"21 A 24 DE AGOSTO 2025 \u2014 PRAIA DA TOCHA \u2014 CATRAIA a mar\u00e9 de arte sustent\u00e1vel vai dar \u00e0 costa, com m\u00fasica, oficinas, instala\u00e7\u00f5es, arte urbana, feiras e conversas\" \/>\n<meta name=\"robots\" content=\"index, follow, max-snippet:-1, max-image-preview:large, max-video-preview:-1\" \/>\n<link rel=\"canonical\" href=\"https:\/\/www.catraia.pt\/en\/\" \/>\n<meta property=\"og:locale\" content=\"en_US\" \/>\n<meta property=\"og:type\" content=\"article\" \/>\n<meta property=\"og:title\" content=\"CATRAIA 2025\" \/>\n<meta property=\"og:description\" content=\"21 A 24 DE AGOSTO 2025 \u2014 PRAIA DA TOCHA \u2014 M\u00fasica, oficinas, instala\u00e7\u00f5es, arte urbana, feiras e conversas.\" \/>\n<meta property=\"og:url\" content=\"https:\/\/www.catraia.pt\/en\/\" \/>\n<meta property=\"og:site_name\" content=\"CATRAIA\" \/>\n<meta property=\"article:modified_time\" content=\"2025-08-20T14:03:36+00:00\" \/>\n<meta property=\"og:image\" content=\"https:\/\/www.catraia.pt\/wp-content\/uploads\/2025\/07\/capa-meta-2.png\" \/>\n\t<meta property=\"og:image:width\" content=\"1350\" \/>\n\t<meta property=\"og:image:height\" content=\"907\" \/>\n\t<meta property=\"og:image:type\" content=\"image\/png\" \/>\n<meta name=\"twitter:card\" content=\"summary_large_image\" \/>\n<meta name=\"twitter:title\" content=\"CATRAIA\" \/>\n<meta name=\"twitter:description\" content=\"21 A 24 DE AGOSTO 2025 \u2014 PRAIA DA TOCHA \u2014 M\u00fasica, oficinas, instala\u00e7\u00f5es, arte urbana, feiras e conversas.\" \/>\n<meta name=\"twitter:label1\" content=\"Est. reading time\" \/>\n\t<meta name=\"twitter:data1\" content=\"1 minute\" \/>\n<script type=\"application\/ld+json\" class=\"yoast-schema-graph\">{\"@context\":\"https:\/\/schema.org\",\"@graph\":[{\"@type\":\"WebPage\",\"@id\":\"https:\/\/www.catraia.pt\/\",\"url\":\"https:\/\/www.catraia.pt\/\",\"name\":\"CATRAIA\",\"isPartOf\":{\"@id\":\"https:\/\/www.catraia.pt\/#website\"},\"primaryImageOfPage\":{\"@id\":\"https:\/\/www.catraia.pt\/#primaryimage\"},\"image\":{\"@id\":\"https:\/\/www.catraia.pt\/#primaryimage\"},\"thumbnailUrl\":\"https:\/\/www.catraia.pt\/wp-content\/uploads\/2025\/07\/headings.svg\",\"datePublished\":\"2025-07-30T15:13:25+00:00\",\"dateModified\":\"2025-08-20T14:03:36+00:00\",\"description\":\"21 A 24 DE AGOSTO 2025 \u2014 PRAIA DA TOCHA \u2014 CATRAIA a mar\u00e9 de arte sustent\u00e1vel vai dar \u00e0 costa, com m\u00fasica, oficinas, instala\u00e7\u00f5es, arte urbana, feiras e conversas\",\"breadcrumb\":{\"@id\":\"https:\/\/www.catraia.pt\/#breadcrumb\"},\"inLanguage\":\"en-US\",\"potentialAction\":[{\"@type\":\"ReadAction\",\"target\":[\"https:\/\/www.catraia.pt\/\"]}]},{\"@type\":\"ImageObject\",\"inLanguage\":\"en-US\",\"@id\":\"https:\/\/www.catraia.pt\/#primaryimage\",\"url\":\"https:\/\/www.catraia.pt\/wp-content\/uploads\/2025\/07\/headings.svg\",\"contentUrl\":\"https:\/\/www.catraia.pt\/wp-content\/uploads\/2025\/07\/headings.svg\"},{\"@type\":\"BreadcrumbList\",\"@id\":\"https:\/\/www.catraia.pt\/#breadcrumb\",\"itemListElement\":[{\"@type\":\"ListItem\",\"position\":1,\"name\":\"In\u00edcio\",\"item\":\"https:\/\/www.catraia.pt\/\"},{\"@type\":\"ListItem\",\"position\":2,\"name\":\"Homepage25\"}]},{\"@type\":\"WebSite\",\"@id\":\"https:\/\/www.catraia.pt\/#website\",\"url\":\"https:\/\/www.catraia.pt\/\",\"name\":\"CATRAIA\",\"description\":\"A MAR\u00c9 DE ARTE SUSTENT\u00c1VEL\",\"publisher\":{\"@id\":\"https:\/\/www.catraia.pt\/#organization\"},\"potentialAction\":[{\"@type\":\"SearchAction\",\"target\":{\"@type\":\"EntryPoint\",\"urlTemplate\":\"https:\/\/www.catraia.pt\/?s={search_term_string}\"},\"query-input\":{\"@type\":\"PropertyValueSpecification\",\"valueRequired\":true,\"valueName\":\"search_term_string\"}}],\"inLanguage\":\"en-US\"},{\"@type\":\"Organization\",\"@id\":\"https:\/\/www.catraia.pt\/#organization\",\"name\":\"CATRAIA\",\"url\":\"https:\/\/www.catraia.pt\/\",\"logo\":{\"@type\":\"ImageObject\",\"inLanguage\":\"en-US\",\"@id\":\"https:\/\/www.catraia.pt\/#\/schema\/logo\/image\/\",\"url\":\"https:\/\/www.catraia.pt\/wp-content\/uploads\/2023\/03\/Group.svg\",\"contentUrl\":\"https:\/\/www.catraia.pt\/wp-content\/uploads\/2023\/03\/Group.svg\",\"width\":205,\"height\":46,\"caption\":\"CATRAIA\"},\"image\":{\"@id\":\"https:\/\/www.catraia.pt\/#\/schema\/logo\/image\/\"}}]}<\/script>\n<!-- \/ Yoast SEO Premium plugin. -->","yoast_head_json":{"title":"CATRAIA","description":"21 A 24 DE AGOSTO 2025 \u2014 PRAIA DA TOCHA \u2014 CATRAIA a mar\u00e9 de arte sustent\u00e1vel vai dar \u00e0 costa, com m\u00fasica, oficinas, instala\u00e7\u00f5es, arte urbana, feiras e conversas","robots":{"index":"index","follow":"follow","max-snippet":"max-snippet:-1","max-image-preview":"max-image-preview:large","max-video-preview":"max-video-preview:-1"},"canonical":"https:\/\/www.catraia.pt\/en\/","og_locale":"en_US","og_type":"article","og_title":"CATRAIA 2025","og_description":"21 A 24 DE AGOSTO 2025 \u2014 PRAIA DA TOCHA \u2014 M\u00fasica, oficinas, instala\u00e7\u00f5es, arte urbana, feiras e conversas.","og_url":"https:\/\/www.catraia.pt\/en\/","og_site_name":"CATRAIA","article_modified_time":"2025-08-20T14:03:36+00:00","og_image":[{"width":1350,"height":907,"url":"https:\/\/www.catraia.pt\/wp-content\/uploads\/2025\/07\/capa-meta-2.png","type":"image\/png"}],"twitter_card":"summary_large_image","twitter_title":"CATRAIA","twitter_description":"21 A 24 DE AGOSTO 2025 \u2014 PRAIA DA TOCHA \u2014 M\u00fasica, oficinas, instala\u00e7\u00f5es, arte urbana, feiras e conversas.","twitter_misc":{"Est. reading time":"1 minute"},"schema":{"@context":"https:\/\/schema.org","@graph":[{"@type":"WebPage","@id":"https:\/\/www.catraia.pt\/","url":"https:\/\/www.catraia.pt\/","name":"CATRAIA","isPartOf":{"@id":"https:\/\/www.catraia.pt\/#website"},"primaryImageOfPage":{"@id":"https:\/\/www.catraia.pt\/#primaryimage"},"image":{"@id":"https:\/\/www.catraia.pt\/#primaryimage"},"thumbnailUrl":"https:\/\/www.catraia.pt\/wp-content\/uploads\/2025\/07\/headings.svg","datePublished":"2025-07-30T15:13:25+00:00","dateModified":"2025-08-20T14:03:36+00:00","description":"21 A 24 DE AGOSTO 2025 \u2014 PRAIA DA TOCHA \u2014 CATRAIA a mar\u00e9 de arte sustent\u00e1vel vai dar \u00e0 costa, com m\u00fasica, oficinas, instala\u00e7\u00f5es, arte urbana, feiras e conversas","breadcrumb":{"@id":"https:\/\/www.catraia.pt\/#breadcrumb"},"inLanguage":"en-US","potentialAction":[{"@type":"ReadAction","target":["https:\/\/www.catraia.pt\/"]}]},{"@type":"ImageObject","inLanguage":"en-US","@id":"https:\/\/www.catraia.pt\/#primaryimage","url":"https:\/\/www.catraia.pt\/wp-content\/uploads\/2025\/07\/headings.svg","contentUrl":"https:\/\/www.catraia.pt\/wp-content\/uploads\/2025\/07\/headings.svg"},{"@type":"BreadcrumbList","@id":"https:\/\/www.catraia.pt\/#breadcrumb","itemListElement":[{"@type":"ListItem","position":1,"name":"In\u00edcio","item":"https:\/\/www.catraia.pt\/"},{"@type":"ListItem","position":2,"name":"Homepage25"}]},{"@type":"WebSite","@id":"https:\/\/www.catraia.pt\/#website","url":"https:\/\/www.catraia.pt\/","name":"CATRAIA","description":"A MAR\u00c9 DE ARTE SUSTENT\u00c1VEL","publisher":{"@id":"https:\/\/www.catraia.pt\/#organization"},"potentialAction":[{"@type":"SearchAction","target":{"@type":"EntryPoint","urlTemplate":"https:\/\/www.catraia.pt\/?s={search_term_string}"},"query-input":{"@type":"PropertyValueSpecification","valueRequired":true,"valueName":"search_term_string"}}],"inLanguage":"en-US"},{"@type":"Organization","@id":"https:\/\/www.catraia.pt\/#organization","name":"CATRAIA","url":"https:\/\/www.catraia.pt\/","logo":{"@type":"ImageObject","inLanguage":"en-US","@id":"https:\/\/www.catraia.pt\/#\/schema\/logo\/image\/","url":"https:\/\/www.catraia.pt\/wp-content\/uploads\/2023\/03\/Group.svg","contentUrl":"https:\/\/www.catraia.pt\/wp-content\/uploads\/2023\/03\/Group.svg","width":205,"height":46,"caption":"CATRAIA"},"image":{"@id":"https:\/\/www.catraia.pt\/#\/schema\/logo\/image\/"}}]}},"_links":{"self":[{"href":"https:\/\/www.catraia.pt\/en\/wp-json\/wp\/v2\/pages\/12262","targetHints":{"allow":["GET"]}}],"collection":[{"href":"https:\/\/www.catraia.pt\/en\/wp-json\/wp\/v2\/pages"}],"about":[{"href":"https:\/\/www.catraia.pt\/en\/wp-json\/wp\/v2\/types\/page"}],"author":[{"embeddable":true,"href":"https:\/\/www.catraia.pt\/en\/wp-json\/wp\/v2\/users\/6"}],"replies":[{"embeddable":true,"href":"https:\/\/www.catraia.pt\/en\/wp-json\/wp\/v2\/comments?post=12262"}],"version-history":[{"count":68,"href":"https:\/\/www.catraia.pt\/en\/wp-json\/wp\/v2\/pages\/12262\/revisions"}],"predecessor-version":[{"id":13417,"href":"https:\/\/www.catraia.pt\/en\/wp-json\/wp\/v2\/pages\/12262\/revisions\/13417"}],"wp:attachment":[{"href":"https:\/\/www.catraia.pt\/en\/wp-json\/wp\/v2\/media?parent=12262"}],"curies":[{"name":"wp","href":"https:\/\/api.w.org\/{rel}","templated":true}]}}